{"id":968,"date":"2016-04-26T08:58:38","date_gmt":"2016-04-26T07:58:38","guid":{"rendered":"http:\/\/the7.dream-demo.com\/demo\/medical\/?page_id=2"},"modified":"2024-10-18T18:20:04","modified_gmt":"2024-10-18T18:20:04","slug":"home","status":"publish","type":"page","link":"http:\/\/trauma-ipk.de\/","title":{"rendered":"Home"},"content":{"rendered":"<p>[vc_row][vc_column width=&#8220;1\/3&#8243;][vc_single_image image=&#8220;35211&#8243; img_size=&#8220;450&#215;320&#8243; add_caption=&#8220;yes&#8220; alignment=&#8220;center&#8220; style=&#8220;vc_box_border&#8220; css=&#8220;.vc_custom_1467451550152{border-radius: 10px !important;}&#8220;][\/vc_column][vc_column width=&#8220;1\/3&#8243;][vc_custom_heading text=&#8220;Herzlich Willkommen&#8220; font_container=&#8220;tag:h2|text_align:center|color:%23103a5d&#8220; google_fonts=&#8220;font_family:Montserrat%3Aregular%2C700|font_style:400%20regular%3A400%3Anormal&#8220;][vc_column_text]<\/p>\n<p style=\"text-align: center;\"><span style=\"color: #103a5d; font-family: Calibri; font-size: medium;\">Das Institut f\u00fcr Psychotraumatologie und Psychotherapie im Kindes- und Jugendalter (IPK) ist ein in Ibbenb\u00fcren ans\u00e4ssiges Fortbildungs- und Therapieinstitut.<\/span><\/p>\n<p style=\"text-align: center;\"><span style=\"color: #103a5d; font-family: Calibri; font-size: medium;\">Auf der Basis einer mehr als 10-j\u00e4hrigen Erfahrung in der therapeutischen Arbeit mit Kindern und Jugendlichen, hat das IPK seine Schwerpunkte im Bereich der Fortbildung, Psychotherapie und Supervision. <\/span><\/p>\n<p>[\/vc_column_text][\/vc_column][vc_column width=&#8220;1\/3&#8243;][vc_single_image image=&#8220;35212&#8243; img_size=&#8220;450&#215;320&#8243; add_caption=&#8220;yes&#8220; alignment=&#8220;center&#8220; style=&#8220;vc_box_border&#8220;][\/vc_column][\/vc_row][vc_row][vc_column width=&#8220;1\/3&#8243;][vc_single_image image=&#8220;35213&#8243; img_size=&#8220;large&#8220; add_caption=&#8220;yes&#8220; alignment=&#8220;center&#8220; style=&#8220;vc_box_border&#8220;][\/vc_column][vc_column width=&#8220;1\/3&#8243;][vc_custom_heading text=&#8220;&#8220; font_container=&#8220;tag:h2|text_align:center|color:%23103a5d&#8220; google_fonts=&#8220;font_family:Montserrat%3Aregular%2C700|font_style:400%20regular%3A400%3Anormal&#8220;][vc_column_text]<\/p>\n<p style=\"text-align: center;\"><span style=\"color: #000000; font-family: Calibri; font-size: medium;\">&nbsp;<\/span><\/p>\n<p style=\"text-align: center;\"><span style=\"color: #000000; font-family: Calibri; font-size: medium;\">&nbsp;<\/span><span style=\"color: #000000; font-family: Calibri; font-size: medium;\">&nbsp;<\/span><\/p>\n<p>[\/vc_column_text][\/vc_column][vc_column width=&#8220;1\/3&#8243;][vc_single_image image=&#8220;35214&#8243; img_size=&#8220;large&#8220; add_caption=&#8220;yes&#8220; alignment=&#8220;center&#8220; style=&#8220;vc_box_border&#8220;][\/vc_column][\/vc_row]<\/p>\n","protected":false},"excerpt":{"rendered":"<p>[vc_row][vc_column width=&#8220;1\/3&#8243;][vc_single_image image=&#8220;35211&#8243; img_size=&#8220;450&#215;320&#8243; add_caption=&#8220;yes&#8220; alignment=&#8220;center&#8220; style=&#8220;vc_box_border&#8220; css=&#8220;.vc_custom_1467451550152{border-radius: 10px !important;}&#8220;][\/vc_column][vc_column width=&#8220;1\/3&#8243;][vc_custom_heading text=&#8220;Herzlich Willkommen&#8220; font_container=&#8220;tag:h2|text_align:center|color:%23103a5d&#8220; google_fonts=&#8220;font_family:Montserrat%3Aregular%2C700|font_style:400%20regular%3A400%3Anormal&#8220;][vc_column_text] Das Institut f\u00fcr Psychotraumatologie und Psychotherapie im Kindes- und Jugendalter (IPK) ist ein in Ibbenb\u00fcren ans\u00e4ssiges Fortbildungs- und Therapieinstitut. Auf der Basis einer mehr als 10-j\u00e4hrigen Erfahrung in der therapeutischen Arbeit mit Kindern und Jugendlichen, hat das IPK seine Schwerpunkte&hellip;<\/p>\n","protected":false},"author":1,"featured_media":0,"parent":0,"menu_order":1,"comment_status":"open","ping_status":"closed","template":"","meta":[],"_links":{"self":[{"href":"http:\/\/trauma-ipk.de\/index.php?rest_route=\/wp\/v2\/pages\/968"}],"collection":[{"href":"http:\/\/trauma-ipk.de\/index.php?rest_route=\/wp\/v2\/pages"}],"about":[{"href":"http:\/\/trauma-ipk.de\/index.php?rest_route=\/wp\/v2\/types\/page"}],"author":[{"embeddable":true,"href":"http:\/\/trauma-ipk.de\/index.php?rest_route=\/wp\/v2\/users\/1"}],"replies":[{"embeddable":true,"href":"http:\/\/trauma-ipk.de\/index.php?rest_route=%2Fwp%2Fv2%2Fcomments&post=968"}],"version-history":[{"count":54,"href":"http:\/\/trauma-ipk.de\/index.php?rest_route=\/wp\/v2\/pages\/968\/revisions"}],"predecessor-version":[{"id":35589,"href":"http:\/\/trauma-ipk.de\/index.php?rest_route=\/wp\/v2\/pages\/968\/revisions\/35589"}],"wp:attachment":[{"href":"http:\/\/trauma-ipk.de\/index.php?rest_route=%2Fwp%2Fv2%2Fmedia&parent=968"}],"curies":[{"name":"wp","href":"https:\/\/api.w.org\/{rel}","templated":true}]}}